{"id":2964,"date":"2025-06-20T11:25:07","date_gmt":"2025-06-20T11:25:07","guid":{"rendered":"https:\/\/masterxr.es\/?page_id=2964"},"modified":"2026-02-20T10:41:27","modified_gmt":"2026-02-20T10:41:27","slug":"admision","status":"publish","type":"page","link":"https:\/\/masterxr.es\/gl\/admision\/","title":{"rendered":"Admisi\u00f3n"},"content":{"rendered":"<div data-elementor-type=\"wp-page\" data-elementor-id=\"2964\" class=\"elementor elementor-2964\">\n\t\t\t\t<div class=\"elementor-element elementor-element-378b15c e-flex e-con-boxed e-con e-parent\" data-id=\"378b15c\" data-element_type=\"container\" data-e-type=\"container\" data-settings=\"{&quot;background_background&quot;:&quot;classic&quot;,&quot;shape_divider_bottom&quot;:&quot;opacity-tilt&quot;}\">\n\t\t\t\t\t<div class=\"e-con-inner\">\n\t\t\t\t<div class=\"elementor-shape elementor-shape-bottom\" aria-hidden=\"true\" data-negative=\"false\">\n\t\t\t<svg xmlns=\"http:\/\/www.w3.org\/2000\/svg\" viewbox=\"0 0 2600 131.1\" preserveaspectratio=\"none\">\n\t<path class=\"elementor-shape-fill\" d=\"M0 0L2600 0 2600 69.1 0 0z\"\/>\n\t<path class=\"elementor-shape-fill\" style=\"opacity:0.5\" d=\"M0 0L2600 0 2600 69.1 0 69.1z\"\/>\n\t<path class=\"elementor-shape-fill\" style=\"opacity:0.25\" d=\"M2600 0L0 0 0 130.1 2600 69.1z\"\/>\n<\/svg>\t\t<\/div>\n\t\t<div class=\"elementor-element elementor-element-ad1a569 e-con-full e-flex e-con e-child\" data-id=\"ad1a569\" data-element_type=\"container\" data-e-type=\"container\">\n\t\t\t\t<div class=\"elementor-element elementor-element-06076b3 elementor-widget elementor-widget-heading\" data-id=\"06076b3\" data-element_type=\"widget\" data-e-type=\"widget\" data-widget_type=\"heading.default\">\n\t\t\t\t<div class=\"elementor-widget-container\">\n\t\t\t\t\t<h1 class=\"elementor-heading-title elementor-size-default\">Admisi\u00f3n<\/h1>\t\t\t\t<\/div>\n\t\t\t\t<\/div>\n\t\t\t\t<\/div>\n\t\t\t\t\t<\/div>\n\t\t\t\t<\/div>\n\t\t<div class=\"elementor-element elementor-element-77aa5ed7 e-flex e-con-boxed e-con e-parent\" data-id=\"77aa5ed7\" data-element_type=\"container\" data-e-type=\"container\" data-settings=\"{&quot;background_background&quot;:&quot;classic&quot;}\">\n\t\t\t\t\t<div class=\"e-con-inner\">\n\t\t<div class=\"elementor-element elementor-element-aba5e21 e-con-full e-flex e-con e-child\" data-id=\"aba5e21\" data-element_type=\"container\" data-e-type=\"container\">\n\t\t<div class=\"elementor-element elementor-element-c96007a e-con-full e-flex e-con e-child\" data-id=\"c96007a\" data-element_type=\"container\" data-e-type=\"container\">\n\t\t\t\t<div class=\"elementor-element elementor-element-a4388f0 elementor-widget elementor-widget-heading\" data-id=\"a4388f0\" data-element_type=\"widget\" data-e-type=\"widget\" data-widget_type=\"heading.default\">\n\t\t\t\t<div class=\"elementor-widget-container\">\n\t\t\t\t\t<h2 class=\"elementor-heading-title elementor-size-default\">Perfil do estudante<\/h2>\t\t\t\t<\/div>\n\t\t\t\t<\/div>\n\t\t\t\t<div class=\"elementor-element elementor-element-121fc71 elementor-widget elementor-widget-text-editor\" data-id=\"121fc71\" data-element_type=\"widget\" data-e-type=\"widget\" data-widget_type=\"text-editor.default\">\n\t\t\t\t<div class=\"elementor-widget-container\">\n\t\t\t\t\t\t\t\t\t<p class=\"translation-block\">O perfil de acceso responde ao dun titulado nun grao relacionado co \u00e1mbito das TIC, polo que se espera que te\u00f1a habilidades de <em>programaci\u00f3n, dese\u00f1o de algoritmos e co\u00f1ecementos de arquitectura de computadores<\/em>. Ind\u00edcanse, a continuaci\u00f3n, unha serie de titulaci\u00f3ns que se denominar\u00e1n Preferentes. No caso do alumnado que solicite a s\u00faa admisi\u00f3n e pos\u00faa un t\u00edtulo t\u00e9cnico que non se considere preferente, valorarase a aceptaci\u00f3n da s\u00faa solicitude, para proceder \u00e1 s\u00faa baremaci\u00f3n.<\/p><p class=\"translation-block\">Denom\u00ednanse <strong>Titulaci\u00f3ns preferentes<\/strong>, inclu\u00edndo t\u00edtulos con denominaci\u00f3ns equivalentes ou alternativas a esta listaxe, as seguintes titulaci\u00f3ns universitarias de grao, licenciatura ou enxe\u00f1er\u00eda t\u00e9cnica:<\/p><ul><li>Enxe\u00f1er\u00eda Inform\u00e1tica<\/li><li>Enxe\u00f1er\u00eda de Tecnolox\u00edas de Telecomunicaci\u00f3n<\/li><li>Enxe\u00f1er\u00eda en Electr\u00f3nica Industrial e Autom\u00e1tica<\/li><li>Ciencia e Enxe\u00f1er\u00eda de Datos<\/li><li>Creaci\u00f3n Dixital, Animaci\u00f3n y Videoxogos<\/li><li>Rob\u00f3tica<\/li><li>F\u00edsica<\/li><li>Intelixencia Artificial<\/li><\/ul><p>Se es un profesional que desexes orientar o teu desenvolvemento profesional cara \u00e1 XR, lembra que podes solicitar unha matr\u00edcula a tempo parcial para compatibilizar a t\u00faa actividade laboral cos estudos do mestrado.<\/p>\t\t\t\t\t\t\t\t<\/div>\n\t\t\t\t<\/div>\n\t\t\t\t<\/div>\n\t\t\t\t<\/div>\n\t\t\t\t\t<\/div>\n\t\t\t\t<\/div>\n\t\t<div class=\"elementor-element elementor-element-d6ecf4f e-flex e-con-boxed e-con e-parent\" data-id=\"d6ecf4f\" data-element_type=\"container\" data-e-type=\"container\" data-settings=\"{&quot;background_background&quot;:&quot;classic&quot;,&quot;shape_divider_top&quot;:&quot;opacity-tilt&quot;,&quot;shape_divider_bottom&quot;:&quot;opacity-tilt&quot;}\">\n\t\t\t\t\t<div class=\"e-con-inner\">\n\t\t\t\t<div class=\"elementor-shape elementor-shape-top\" aria-hidden=\"true\" data-negative=\"false\">\n\t\t\t<svg xmlns=\"http:\/\/www.w3.org\/2000\/svg\" viewbox=\"0 0 2600 131.1\" preserveaspectratio=\"none\">\n\t<path class=\"elementor-shape-fill\" d=\"M0 0L2600 0 2600 69.1 0 0z\"\/>\n\t<path class=\"elementor-shape-fill\" style=\"opacity:0.5\" d=\"M0 0L2600 0 2600 69.1 0 69.1z\"\/>\n\t<path class=\"elementor-shape-fill\" style=\"opacity:0.25\" d=\"M2600 0L0 0 0 130.1 2600 69.1z\"\/>\n<\/svg>\t\t<\/div>\n\t\t\t\t<div class=\"elementor-shape elementor-shape-bottom\" aria-hidden=\"true\" data-negative=\"false\">\n\t\t\t<svg xmlns=\"http:\/\/www.w3.org\/2000\/svg\" viewbox=\"0 0 2600 131.1\" preserveaspectratio=\"none\">\n\t<path class=\"elementor-shape-fill\" d=\"M0 0L2600 0 2600 69.1 0 0z\"\/>\n\t<path class=\"elementor-shape-fill\" style=\"opacity:0.5\" d=\"M0 0L2600 0 2600 69.1 0 69.1z\"\/>\n\t<path class=\"elementor-shape-fill\" style=\"opacity:0.25\" d=\"M2600 0L0 0 0 130.1 2600 69.1z\"\/>\n<\/svg>\t\t<\/div>\n\t\t\t\t<div class=\"elementor-element elementor-element-6e7e2c6 elementor-widget elementor-widget-spacer\" data-id=\"6e7e2c6\" data-element_type=\"widget\" data-e-type=\"widget\" data-widget_type=\"spacer.default\">\n\t\t\t\t<div class=\"elementor-widget-container\">\n\t\t\t\t\t\t\t<div class=\"elementor-spacer\">\n\t\t\t<div class=\"elementor-spacer-inner\"><\/div>\n\t\t<\/div>\n\t\t\t\t\t\t<\/div>\n\t\t\t\t<\/div>\n\t\t\t\t<div class=\"elementor-element elementor-element-e35f246 elementor-widget elementor-widget-heading\" data-id=\"e35f246\" data-element_type=\"widget\" data-e-type=\"widget\" data-widget_type=\"heading.default\">\n\t\t\t\t<div class=\"elementor-widget-container\">\n\t\t\t\t\t<h2 class=\"elementor-heading-title elementor-size-default\">Criterios de selecci\u00f3n<\/h2>\t\t\t\t<\/div>\n\t\t\t\t<\/div>\n\t\t\t\t<div class=\"elementor-element elementor-element-0bc7ff9 elementor-widget elementor-widget-text-editor\" data-id=\"0bc7ff9\" data-element_type=\"widget\" data-e-type=\"widget\" data-widget_type=\"text-editor.default\">\n\t\t\t\t<div class=\"elementor-widget-container\">\n\t\t\t\t\t\t\t\t\t<p>O baremo de avaliaci\u00f3n das solicitudes de ingreso aceptadas pola Comisi\u00f3n Acad\u00e9mica basearase nos seguintes aspectos:<\/p><ul><li class=\"translation-block\"><strong>Expediente acad\u00e9mico<\/strong>: <span style=\"color: #ffc05e\">ata o 70% da nota<\/span>. Para estudantes procedentes de titulaci\u00f3ns que non se consideran Titulaci\u00f3ns Preferentes, o seu expediente acad\u00e9mico ser\u00e1 multiplicado por un factor de ponderaci\u00f3n, menor que 1, relacionado coa carga acad\u00e9mica cursada en habilidades de programaci\u00f3n, dese\u00f1o de algoritmos e co\u00f1ecementos de Electr\u00f3nica. A forma de calcular este factor de ponderaci\u00f3n ser\u00e1 fixada pola Comisi\u00f3n Acad\u00e9mica antes de que se abra o proceso de preinscrici\u00f3n e matr\u00edcula.<\/li><li><strong>Experiencia investigadora<\/strong>: <span style=\"color: #ffc05e;\">ata o 30% da nota<\/span>. Poderase concertar unha entrevista persoal para valorar a adecuaci\u00f3n.<\/li><li><strong>Experiencia laboral<\/strong>: <span style=\"color: #ffc05e;\">ata o 30% da nota<\/span>. Poderase concertar unha entrevista persoal para valorar a adecuaci\u00f3n.<\/li><li><strong>Outros m\u00e9ritos<\/strong> relacionados co \u00e1mbito da Realidade Estendida: <span style=\"color: #ffc05e;\">ata o 10% da nota<\/span>. Poderase concertar unha entrevista persoal para valorar a adecuaci\u00f3n.<\/li><li>Situaci\u00f3n de <strong>desemprego<\/strong> no momento de facer a solicitude de reserva de praza: <span style=\"color: #ffc05e;\">ata o 10% da nota<\/span>.<\/li><\/ul><p>As porcentaxes concretas asociadas ao baremo para cada curso acad\u00e9mico ser\u00e1n establecidos e publicados con anterioridade ao comezo dos per\u00edodos de preinscrici\u00f3n e matr\u00edcula.<\/p><p class=\"translation-block\">A Comisi\u00f3n Acad\u00e9mica establecer\u00e1 as <strong>equivalencias<\/strong> entre estudos superados noutras universidades e os que poidan ser reco\u00f1ecidos no plan de estudos.<\/p><p class=\"translation-block\">A <strong>experiencia laboral e profesional<\/strong> acreditada poder\u00e1 ser tam\u00e9n reco\u00f1ecida en forma de cr\u00e9ditos, en n\u00famero non superior a 7.5 ECTS. En concreto, os cr\u00e9ditos da materia de Pr\u00e1cticas Externas poder\u00e1n ser reco\u00f1ecidos por experiencia laboral e profesional acreditada, sempre que se exerceu polo menos como Enxe\u00f1eiro T\u00e9cnico\/Diplomado\/Graduado no \u00e1mbito de proxectos de Realidade Estendida (XR).<\/p>\t\t\t\t\t\t\t\t<\/div>\n\t\t\t\t<\/div>\n\t\t\t\t<div class=\"elementor-element elementor-element-2486379 elementor-align-start elementor-hidden-desktop elementor-hidden-tablet elementor-hidden-mobile elementor-icon-list--layout-traditional elementor-list-item-link-full_width elementor-widget elementor-widget-icon-list\" data-id=\"2486379\" data-element_type=\"widget\" data-e-type=\"widget\" data-widget_type=\"icon-list.default\">\n\t\t\t\t<div class=\"elementor-widget-container\">\n\t\t\t\t\t\t\t<ul class=\"elementor-icon-list-items\">\n\t\t\t\t\t\t\t<li class=\"elementor-icon-list-item\">\n\t\t\t\t\t\t\t\t\t\t\t<span class=\"elementor-icon-list-icon\">\n\t\t\t\t\t\t\t<i aria-hidden=\"true\" class=\"fas fa-project-diagram\"><\/i>\t\t\t\t\t\t<\/span>\n\t\t\t\t\t\t\t\t\t\t<span class=\"elementor-icon-list-text\">\u00c9 un mestrado t\u00e9cnico, aplicado e multidisciplinar, onde usar\u00e1s t\u00e9cnicas \u00e1xiles na produci\u00f3n de proxectos.<\/span>\n\t\t\t\t\t\t\t\t\t<\/li>\n\t\t\t\t\t\t\t\t<li class=\"elementor-icon-list-item\">\n\t\t\t\t\t\t\t\t\t\t\t<span class=\"elementor-icon-list-icon\">\n\t\t\t\t\t\t\t<i aria-hidden=\"true\" class=\"fas fa-handshake\"><\/i>\t\t\t\t\t\t<\/span>\n\t\t\t\t\t\t\t\t\t\t<span class=\"elementor-icon-list-text\">Traballa en equipo, colaborando cos teus compa\u00f1eiros para adestrar as habilidades de xesti\u00f3n de proxectos, tanto na t\u00faa participaci\u00f3n como na organizaci\u00f3n e direcci\u00f3n.<\/span>\n\t\t\t\t\t\t\t\t\t<\/li>\n\t\t\t\t\t\t\t\t<li class=\"elementor-icon-list-item\">\n\t\t\t\t\t\t\t\t\t\t\t<span class=\"elementor-icon-list-icon\">\n\t\t\t\t\t\t\t<i aria-hidden=\"true\" class=\"fas fa-vr-cardboard\"><\/i>\t\t\t\t\t\t<\/span>\n\t\t\t\t\t\t\t\t\t\t<span class=\"elementor-icon-list-text\">\u00c9nfase na aplicaci\u00f3n pr\u00e1ctica das tecnolox\u00edas inmersivas en escenarios reais, saca o teu esp\u00edrito emprendedor e innovador.<\/span>\n\t\t\t\t\t\t\t\t\t<\/li>\n\t\t\t\t\t\t\t\t<li class=\"elementor-icon-list-item\">\n\t\t\t\t\t\t\t\t\t\t\t<span class=\"elementor-icon-list-icon\">\n\t\t\t\t\t\t\t<i aria-hidden=\"true\" class=\"fas fa-laptop-code\"><\/i>\t\t\t\t\t\t<\/span>\n\t\t\t\t\t\t\t\t\t\t<span class=\"elementor-icon-list-text\">Manexar\u00e1s constantemente o software m\u00e1is usado para cada finalidade (Unity, github, Retallo,...), esqu\u00e9ceche de estar a cambiar continuamente. A ferramenta \u00e9 s\u00f3 unha ferramenta, non un fin en si mesma.<\/span>\n\t\t\t\t\t\t\t\t\t<\/li>\n\t\t\t\t\t\t\t\t<li class=\"elementor-icon-list-item\">\n\t\t\t\t\t\t\t\t\t\t\t<span class=\"elementor-icon-list-icon\">\n\t\t\t\t\t\t\t<i aria-hidden=\"true\" class=\"fas fa-user\"><\/i>\t\t\t\t\t\t<\/span>\n\t\t\t\t\t\t\t\t\t\t<span class=\"elementor-icon-list-text\">O usuario \u00e9 importante, a s\u00faa opini\u00f3n \u00e9 un requisito.<\/span>\n\t\t\t\t\t\t\t\t\t<\/li>\n\t\t\t\t\t\t\t\t<li class=\"elementor-icon-list-item\">\n\t\t\t\t\t\t\t\t\t\t\t<span class=\"elementor-icon-list-icon\">\n\t\t\t\t\t\t\t<i aria-hidden=\"true\" class=\"far fa-calendar-check\"><\/i>\t\t\t\t\t\t<\/span>\n\t\t\t\t\t\t\t\t\t\t<span class=\"elementor-icon-list-text\">Organiza o teu tempo, s\u00f3 hai 2 tardes con clases presenciais \u00e1 semana.<\/span>\n\t\t\t\t\t\t\t\t\t<\/li>\n\t\t\t\t\t\t\t\t<li class=\"elementor-icon-list-item\">\n\t\t\t\t\t\t\t\t\t\t\t<span class=\"elementor-icon-list-icon\">\n\t\t\t\t\t\t\t<i aria-hidden=\"true\" class=\"fas fa-check-circle\"><\/i>\t\t\t\t\t\t<\/span>\n\t\t\t\t\t\t\t\t\t\t<span class=\"elementor-icon-list-text\">Prep\u00e1rate para ser \u00fatil dende o minuto 1 na empresa, s\u00famate a calquera desenvolvemento en marcha en canto asines o teu contrato.<\/span>\n\t\t\t\t\t\t\t\t\t<\/li>\n\t\t\t\t\t\t<\/ul>\n\t\t\t\t\t\t<\/div>\n\t\t\t\t<\/div>\n\t\t\t\t<div class=\"elementor-element elementor-element-be728d8 elementor-widget elementor-widget-spacer\" data-id=\"be728d8\" data-element_type=\"widget\" data-e-type=\"widget\" data-widget_type=\"spacer.default\">\n\t\t\t\t<div class=\"elementor-widget-container\">\n\t\t\t\t\t\t\t<div class=\"elementor-spacer\">\n\t\t\t<div class=\"elementor-spacer-inner\"><\/div>\n\t\t<\/div>\n\t\t\t\t\t\t<\/div>\n\t\t\t\t<\/div>\n\t\t\t\t\t<\/div>\n\t\t\t\t<\/div>\n\t\t<div class=\"elementor-element elementor-element-1d3b9c0 e-flex e-con-boxed e-con e-parent\" data-id=\"1d3b9c0\" data-element_type=\"container\" data-e-type=\"container\" data-settings=\"{&quot;background_background&quot;:&quot;gradient&quot;,&quot;shape_divider_bottom&quot;:&quot;opacity-tilt&quot;}\">\n\t\t\t\t\t<div class=\"e-con-inner\">\n\t\t\t\t<div class=\"elementor-shape elementor-shape-bottom\" aria-hidden=\"true\" data-negative=\"false\">\n\t\t\t<svg xmlns=\"http:\/\/www.w3.org\/2000\/svg\" viewbox=\"0 0 2600 131.1\" preserveaspectratio=\"none\">\n\t<path class=\"elementor-shape-fill\" d=\"M0 0L2600 0 2600 69.1 0 0z\"\/>\n\t<path class=\"elementor-shape-fill\" style=\"opacity:0.5\" d=\"M0 0L2600 0 2600 69.1 0 69.1z\"\/>\n\t<path class=\"elementor-shape-fill\" style=\"opacity:0.25\" d=\"M2600 0L0 0 0 130.1 2600 69.1z\"\/>\n<\/svg>\t\t<\/div>\n\t\t\t\t<div class=\"elementor-element elementor-element-5634139d elementor-widget elementor-widget-spacer\" data-id=\"5634139d\" data-element_type=\"widget\" data-e-type=\"widget\" data-widget_type=\"spacer.default\">\n\t\t\t\t<div class=\"elementor-widget-container\">\n\t\t\t\t\t\t\t<div class=\"elementor-spacer\">\n\t\t\t<div class=\"elementor-spacer-inner\"><\/div>\n\t\t<\/div>\n\t\t\t\t\t\t<\/div>\n\t\t\t\t<\/div>\n\t\t<div class=\"elementor-element elementor-element-8fabc33 e-con-full e-flex e-con e-child\" data-id=\"8fabc33\" data-element_type=\"container\" data-e-type=\"container\">\n\t\t\t\t<div class=\"elementor-element elementor-element-4787786a elementor-widget elementor-widget-heading\" data-id=\"4787786a\" data-element_type=\"widget\" data-e-type=\"widget\" data-widget_type=\"heading.default\">\n\t\t\t\t<div class=\"elementor-widget-container\">\n\t\t\t\t\t<h2 class=\"elementor-heading-title elementor-size-default\">Solicitudes<\/h2>\t\t\t\t<\/div>\n\t\t\t\t<\/div>\n\t\t\t\t<div class=\"elementor-element elementor-element-cd77d35 elementor-widget elementor-widget-text-editor\" data-id=\"cd77d35\" data-element_type=\"widget\" data-e-type=\"widget\" data-widget_type=\"text-editor.default\">\n\t\t\t\t<div class=\"elementor-widget-container\">\n\t\t\t\t\t\t\t\t\t<p>Podes atopar os procedementos de admisi\u00f3n e matr\u00edcula de cada universidade nas seguintes ligaz\u00f3ns:<\/p>\t\t\t\t\t\t\t\t<\/div>\n\t\t\t\t<\/div>\n\t\t<div class=\"elementor-element elementor-element-32b862f e-con-full e-flex e-con e-child\" data-id=\"32b862f\" data-element_type=\"container\" data-e-type=\"container\">\n\t\t<div class=\"elementor-element elementor-element-6f66c70 e-con-full e-flex e-con e-child\" data-id=\"6f66c70\" data-element_type=\"container\" data-e-type=\"container\">\n\t\t\t\t<div class=\"elementor-element elementor-element-4436996 elementor-widget elementor-widget-image\" data-id=\"4436996\" data-element_type=\"widget\" data-e-type=\"widget\" data-widget_type=\"image.default\">\n\t\t\t\t<div class=\"elementor-widget-container\">\n\t\t\t\t\t\t\t\t\t\t\t\t\t\t\t\t<a href=\"https:\/\/www.udc.es\/es\/sigma\/matricula\" target=\"_blank\">\n\t\t\t\t\t\t\t<img decoding=\"async\" width=\"300\" height=\"39\" src=\"https:\/\/masterxr.es\/wp-content\/uploads\/2025\/06\/02_Simbolo_logo_B-transp-300x39.png\" class=\"attachment-medium size-medium wp-image-2761\" alt=\"\" srcset=\"https:\/\/masterxr.es\/wp-content\/uploads\/2025\/06\/02_Simbolo_logo_B-transp-300x39.png 300w, https:\/\/masterxr.es\/wp-content\/uploads\/2025\/06\/02_Simbolo_logo_B-transp-1024x132.png 1024w, https:\/\/masterxr.es\/wp-content\/uploads\/2025\/06\/02_Simbolo_logo_B-transp-768x99.png 768w, https:\/\/masterxr.es\/wp-content\/uploads\/2025\/06\/02_Simbolo_logo_B-transp-1536x198.png 1536w, https:\/\/masterxr.es\/wp-content\/uploads\/2025\/06\/02_Simbolo_logo_B-transp-2048x264.png 2048w\" sizes=\"(max-width: 300px) 100vw, 300px\" \/>\t\t\t\t\t\t\t\t<\/a>\n\t\t\t\t\t\t\t\t\t\t\t\t\t\t\t<\/div>\n\t\t\t\t<\/div>\n\t\t\t\t<div class=\"elementor-element elementor-element-7443aef elementor-align-center elementor-widget elementor-widget-button\" data-id=\"7443aef\" data-element_type=\"widget\" data-e-type=\"widget\" data-widget_type=\"button.default\">\n\t\t\t\t<div class=\"elementor-widget-container\">\n\t\t\t\t\t\t\t\t\t<div class=\"elementor-button-wrapper\">\n\t\t\t\t\t<a class=\"elementor-button elementor-button-link elementor-size-sm\" href=\"https:\/\/www.udc.es\/es\/sigma\/matricula\">\n\t\t\t\t\t\t<span class=\"elementor-button-content-wrapper\">\n\t\t\t\t\t\t\t\t\t<span class=\"elementor-button-text\">Solicitud UdC<\/span>\n\t\t\t\t\t<\/span>\n\t\t\t\t\t<\/a>\n\t\t\t\t<\/div>\n\t\t\t\t\t\t\t\t<\/div>\n\t\t\t\t<\/div>\n\t\t\t\t<\/div>\n\t\t<div class=\"elementor-element elementor-element-1537821 e-con-full e-flex e-con e-child\" data-id=\"1537821\" data-element_type=\"container\" data-e-type=\"container\">\n\t\t\t\t<div class=\"elementor-element elementor-element-1ea658c elementor-widget elementor-widget-image\" data-id=\"1ea658c\" data-element_type=\"widget\" data-e-type=\"widget\" data-widget_type=\"image.default\">\n\t\t\t\t<div class=\"elementor-widget-container\">\n\t\t\t\t\t\t\t\t\t\t\t\t\t\t\t\t<a href=\"https:\/\/www.uvigo.gal\/estudar\/acceder\/acceso-masters\" target=\"_blank\">\n\t\t\t\t\t\t\t<img decoding=\"async\" width=\"300\" height=\"109\" src=\"https:\/\/masterxr.es\/wp-content\/uploads\/2023\/06\/logo-uvigo-blanco-300x109.png\" class=\"attachment-medium size-medium wp-image-797\" alt=\"\" srcset=\"https:\/\/masterxr.es\/wp-content\/uploads\/2023\/06\/logo-uvigo-blanco-300x109.png 300w, https:\/\/masterxr.es\/wp-content\/uploads\/2023\/06\/logo-uvigo-blanco.png 650w\" sizes=\"(max-width: 300px) 100vw, 300px\" \/>\t\t\t\t\t\t\t\t<\/a>\n\t\t\t\t\t\t\t\t\t\t\t\t\t\t\t<\/div>\n\t\t\t\t<\/div>\n\t\t\t\t<div class=\"elementor-element elementor-element-1680d43 elementor-align-center elementor-widget elementor-widget-button\" data-id=\"1680d43\" data-element_type=\"widget\" data-e-type=\"widget\" data-widget_type=\"button.default\">\n\t\t\t\t<div class=\"elementor-widget-container\">\n\t\t\t\t\t\t\t\t\t<div class=\"elementor-button-wrapper\">\n\t\t\t\t\t<a class=\"elementor-button elementor-button-link elementor-size-sm\" href=\"https:\/\/www.uvigo.gal\/estudar\/acceder\/acceso-masters\">\n\t\t\t\t\t\t<span class=\"elementor-button-content-wrapper\">\n\t\t\t\t\t\t\t\t\t<span class=\"elementor-button-text\">Solicitud UVigo<\/span>\n\t\t\t\t\t<\/span>\n\t\t\t\t\t<\/a>\n\t\t\t\t<\/div>\n\t\t\t\t\t\t\t\t<\/div>\n\t\t\t\t<\/div>\n\t\t\t\t<\/div>\n\t\t\t\t<\/div>\n\t\t\t\t<\/div>\n\t\t\t\t<div class=\"elementor-element elementor-element-a88b282 elementor-widget elementor-widget-spacer\" data-id=\"a88b282\" data-element_type=\"widget\" data-e-type=\"widget\" data-widget_type=\"spacer.default\">\n\t\t\t\t<div class=\"elementor-widget-container\">\n\t\t\t\t\t\t\t<div class=\"elementor-spacer\">\n\t\t\t<div class=\"elementor-spacer-inner\"><\/div>\n\t\t<\/div>\n\t\t\t\t\t\t<\/div>\n\t\t\t\t<\/div>\n\t\t\t\t\t<\/div>\n\t\t\t\t<\/div>\n\t\t\t\t<\/div>","protected":false},"excerpt":{"rendered":"<p>Admisi\u00f3n Perfil del estudiante El perfil de acceso responde al de un titulado en un grado relacionado con el \u00e1mbito de las TIC, por lo que se espera que tenga habilidades de programaci\u00f3n, dise\u00f1o de algoritmos y conocimientos de arquitectura de ordenadores. Se indican, a continuaci\u00f3n, una serie de titulaciones que se denominar\u00e1n Preferentes. En [&hellip;]<\/p>\n","protected":false},"author":2,"featured_media":0,"parent":0,"menu_order":0,"comment_status":"closed","ping_status":"closed","template":"","meta":{"footnotes":""},"class_list":["post-2964","page","type-page","status-publish","hentry"],"blocksy_meta":{"page_title_panel":"","has_hero_section":"disabled","0df2dca53447789c9966a9ee2482ae8e":"","hero_section":"type-1","hero_elements":[{"id":"custom_title","enabled":true,"heading_tag":"h1","title":"Home"},{"id":"custom_description","enabled":true,"description_visibility":{"desktop":true,"tablet":true,"mobile":false}},{"id":"custom_meta","enabled":false,"meta_elements":[{"id":"author","enabled":true,"label":"By","has_author_avatar":"yes","avatar_size":25},{"id":"post_date","enabled":true,"label":"On","date_format_source":"default","date_format":"M j, Y"},{"id":"comments","enabled":true}],"page_meta_elements":{"joined":true,"articles_count":true,"comments":true}},{"id":"breadcrumbs","enabled":false}],"9a068402903147dab0312ed721d813d1":"","hero_alignment1":"left","hero_alignment2":"center","hero_vertical_alignment":"center","878df3921d36f5f7834a2f50f2d62119":"","hero_structure":"narrow","c672b96ecc952ad64c8c2d7fdf1a61dc":"","page_title_bg_type":"featured_image","custom_hero_background":{"attachment_id":null},"parallax":{"desktop":false,"tablet":false,"mobile":false},"cc7bcd5456d7cac909e888486d83b616":"","hero_height":"250px","pageTitleFont":{"family":"Default","variation":"Default","size":{"desktop":"32px","tablet":"30px","mobile":"25px"},"line-height":"CT_CSS_SKIP_RULE","letter-spacing":"CT_CSS_SKIP_RULE","text-transform":"CT_CSS_SKIP_RULE","text-decoration":"CT_CSS_SKIP_RULE"},"pageTitleFontColor":{"default":{"color":"CT_CSS_SKIP_RULEDEFAULT"}},"pageMetaFont":{"family":"Default","variation":"n6","size":"12px","line-height":"1.3","letter-spacing":"CT_CSS_SKIP_RULE","text-transform":"uppercase","text-decoration":"CT_CSS_SKIP_RULE"},"pageMetaFontColor":{"default":{"color":"CT_CSS_SKIP_RULEDEFAULT"},"hover":{"color":"CT_CSS_SKIP_RULEDEFAULT"}},"pageExcerptFont":{"family":"Default","variation":"Default","size":"CT_CSS_SKIP_RULE","line-height":"CT_CSS_SKIP_RULE","letter-spacing":"CT_CSS_SKIP_RULE","text-transform":"CT_CSS_SKIP_RULE","text-decoration":"CT_CSS_SKIP_RULE"},"pageExcerptColor":{"default":{"color":"CT_CSS_SKIP_RULEDEFAULT"}},"breadcrumbsFont":{"family":"Default","variation":"n6","size":"12px","line-height":"CT_CSS_SKIP_RULE","letter-spacing":"CT_CSS_SKIP_RULE","text-transform":"uppercase","text-decoration":"CT_CSS_SKIP_RULE"},"breadcrumbsFontColor":{"default":{"color":"CT_CSS_SKIP_RULEDEFAULT"},"initial":{"color":"CT_CSS_SKIP_RULEDEFAULT"},"hover":{"color":"CT_CSS_SKIP_RULEDEFAULT"}},"pageTitleOverlay":{"default":{"color":"rgba(41, 51, 60, 0.2)"}},"pageTitleBackground":{"background_type":"color","background_pattern":"type-1","background_image":{"attachment_id":null,"x":0,"y":0},"background_repeat":"no-repeat","background_size":"auto","background_attachment":"scroll","patternColor":{"default":{"color":"#e5e7ea"}},"backgroundColor":{"default":{"color":"#EDEFF2"}}},"5384544efa2613b7222fa667fe0c3bd5":"","page_structure_type":"default","content_style":"inherit","vertical_spacing_source":"custom","content_area_spacing":"none","background":{"background_type":"color","background_pattern":"type-1","background_image":{"attachment_id":null,"x":0,"y":0},"background_repeat":"no-repeat","background_size":"auto","background_attachment":"scroll","patternColor":{"default":{"color":"#e5e7ea"}},"backgroundColor":{"default":{"color":"CT_CSS_SKIP_RULE"}}},"content_background":{"background_type":"color","background_pattern":"type-1","background_image":{"attachment_id":null,"x":0,"y":0},"background_repeat":"no-repeat","background_size":"auto","background_attachment":"scroll","patternColor":{"default":{"color":"#e5e7ea"}},"backgroundColor":{"default":{"color":"#ffffff"}}},"content_boxed_spacing":{"desktop":"40px","tablet":"35px","mobile":"20px"},"content_boxed_radius":{"top":"3px","bottom":"3px","left":"3px","right":"3px","linked":true},"content_boxed_shadow":{"blur":18,"spread":-6,"v_offset":12,"h_offset":0,"inset":false,"enable":true,"color":{"color":"rgba(34, 56, 101, 0.04)"}},"7b360c47770bb2bc7820037d1b7ccdae":"","disable_featured_image":"no","disable_header":"no","disable_footer":"no","styles_descriptor":{"styles":{"desktop":"","tablet":"","mobile":""},"google_fonts":[]}},"_links":{"self":[{"href":"https:\/\/masterxr.es\/gl\/wp-json\/wp\/v2\/pages\/2964","targetHints":{"allow":["GET"]}}],"collection":[{"href":"https:\/\/masterxr.es\/gl\/wp-json\/wp\/v2\/pages"}],"about":[{"href":"https:\/\/masterxr.es\/gl\/wp-json\/wp\/v2\/types\/page"}],"author":[{"embeddable":true,"href":"https:\/\/masterxr.es\/gl\/wp-json\/wp\/v2\/users\/2"}],"replies":[{"embeddable":true,"href":"https:\/\/masterxr.es\/gl\/wp-json\/wp\/v2\/comments?post=2964"}],"version-history":[{"count":43,"href":"https:\/\/masterxr.es\/gl\/wp-json\/wp\/v2\/pages\/2964\/revisions"}],"predecessor-version":[{"id":3441,"href":"https:\/\/masterxr.es\/gl\/wp-json\/wp\/v2\/pages\/2964\/revisions\/3441"}],"wp:attachment":[{"href":"https:\/\/masterxr.es\/gl\/wp-json\/wp\/v2\/media?parent=2964"}],"curies":[{"name":"wp","href":"https:\/\/api.w.org\/{rel}","templated":true}]}}